{"id":5212,"date":"2021-08-25T07:26:28","date_gmt":"2021-08-25T07:26:28","guid":{"rendered":"http:\/\/dummy.xtemos.com\/woodmart2\/?page_id=5212"},"modified":"2023-07-31T07:03:46","modified_gmt":"2023-07-31T07:03:46","slug":"about-us","status":"publish","type":"page","link":"https:\/\/maparoisse.mu\/stehelene\/about-us\/","title":{"rendered":"About us"},"content":{"rendered":"<div class=\"wpb-content-wrapper\"><p>[vc_row full_width=&#8221;stretch_row_content_no_spaces&#8221; equal_height=&#8221;yes&#8221; css=&#8221;.vc_custom_1499679693574{margin-top: -40px !important;margin-bottom: 10vh !important;border-top-width: 1px !important;border-top-color: #efefef !important;border-top-style: solid !important;}&#8221;][vc_column css=&#8221;.vc_custom_1497520246521{padding-top: 0px !important;}&#8221; offset=&#8221;vc_col-lg-6 vc_col-md-12 vc_col-xs-12&#8243;]\t\t<div id=\"gallery_485\" class=\"wd-images-gallery wd-rs-64c36cd266be0 wd-justify-center wd-items-middle view-grid photoswipe-images\" >\n\t\t\t<div class=\"gallery-images row wd-spacing-2\">\n\t\t\t\t\t\t\t\t\t\t\t\t\t\t\t<div class=\"wd-gallery-item col-lg-12 col-md-12 col-sm-12 col-12\">\n\t\t\t\t\t\t\t\t\t\t\t\t\t\t<a href=\"https:\/\/maparoisse.mu\/stehelene\/wp-content\/uploads\/sites\/2\/2023\/07\/image-015.jpg\" data-elementor-open-lightbox=\"no\" data-index=\"1\" data-width=\"2048\" data-height=\"1152\"  >\n\t\t\t\t\t\t\t\t\n\t\t\t\t\t\t\t\t<img decoding=\"async\" width=\"1200\" height=\"1000\" src=\"https:\/\/maparoisse.mu\/stehelene\/wp-content\/uploads\/sites\/2\/2023\/07\/image-015-1200x1000.jpg\" class=\"wd-gallery-image image-1\" alt=\"\" \/>\n\t\t\t\t\t\t\t\t\t\t\t\t\t\t\t<\/a>\n\t\t\t\t\t\t\t\t\t\t\t\t<\/div>\n\t\t\t\t\t\t\t\t\t\t\t\t<\/div>\n\t\t<\/div>\n\t\t\t\t[\/vc_column][vc_column woodmart_sticky_column=&#8221;true&#8221; css=&#8221;.vc_custom_1499677904738{padding-top: 8vh !important;padding-right: 5% !important;padding-left: 7% !important;}&#8221; offset=&#8221;vc_col-lg-5 vc_col-md-8 vc_col-xs-12&#8243;]\n\t\t<div id=\"wd-64a289b56af3d\" class=\"title-wrapper wd-wpb set-mb-s reset-last-child  wd-rs-64a289b56af3d wd-title-color-default wd-title-style-default text-left vc_custom_1688373712974 wd-underline-colored\">\n\t\t\t\n\t\t\t<div class=\"liner-continer\">\n\t\t\t\t<h4 class=\"woodmart-title-container title  wd-font-weight- wd-fontsize-xxxl\" >About PAROISSE DE SAINTE H\u00c9L\u00c8NE<\/h4>\n\t\t\t\t\t\t\t<\/div>\n\t\t\t\n\t\t\t\n\t\t\t\n\t\t<\/div>\n\t\t\n\t\t[vc_column_text woodmart_inline=&#8221;no&#8221; text_larger=&#8221;no&#8221;]<strong>Naissance d\u2019une famille en Christ<\/strong><\/p>\n<p>La Paroisse de Sainte H\u00e9l\u00e8ne a \u00e9t\u00e9 fond\u00e9e en f\u00e9vrier 1922 par Mgr J.B.T Murphy. Elle rassemble les paroissiens d\u2019une dizaine de quartiers de la r\u00e9gion basse de Curepipe pour c\u00e9l\u00e9brer le Seigneur et approfondir leur foi en l\u2019eucharistie \u00e0 l\u2019\u00e9glise de Sainte-H\u00e9l\u00e8ne et dans trois autres chapelles : Notre Dame de Lourdes, \u00e0 Eau Coul\u00e9e, Saint Jean Bosco \u00e0 Mangalkhan et Sainte famille \u00e0 Dubreuil.<\/p>\n<p><strong>Une paroisse au service de l\u2018Eglise<\/strong><\/p>\n<p>La paroisse propose divers services cat\u00e9ch\u00e9tiques, liturgiques, caritatifs et visites aux malades. Elle accueille et propose plusieurs formations \u00e0 ses fid\u00e8les et aux paroissiens venus d\u2019ailleurs telles que Alpha Jeunes, Les Envoy\u00e9s, Zezi Vre Zom et des formations bibliques entre autres. Les pr\u00eatres re\u00e7oivent les fid\u00e8les tous les jours de la semaine. Lors des c\u00e9l\u00e9brations des sacrements et des messes en semaine et dominicales, la paroisse accueille les fid\u00e8les pour la communion eucharistique.<\/p>\n<p><strong>Une paroisse \u0153uvrant pour la floraison des vocations<\/strong><\/p>\n<p>Depuis septembre 2017, \u00e0 travers le Foyer la Source, notre paroisse accueille et soutient fi\u00e8rement les jeunes gar\u00e7ons discernant leur vocation. On propose aussi aux jeunes couples des cours de pr\u00e9paration au mariage (CPM) et encourage les jeunes \u00e0 prendre part aux diff\u00e9rentes formations propos\u00e9es par la Pastorale des Jeunes et le Service des Vocations.[\/vc_column_text][\/vc_column][\/vc_row]<\/p>\n<\/div>","protected":false},"excerpt":{"rendered":"<p>[vc_row full_width=&#8221;stretch_row_content_no_spaces&#8221; equal_height=&#8221;yes&#8221; css=&#8221;.vc_custom_1499679693574{margin-top: -40px !important;margin-bottom: 10vh !important;border-top-width: 1px !important;border-top-color: #efefef !important;border-top-style: solid !important;}&#8221;][vc_column css=&#8221;.vc_custom_1497520246521{padding-top: 0px !important;}&#8221; offset=&#8221;vc_col-lg-6 vc_col-md-12 vc_col-xs-12&#8243;][\/vc_column][vc_column<\/p>\n","protected":false},"author":1,"featured_media":0,"parent":0,"menu_order":0,"comment_status":"closed","ping_status":"closed","template":"","meta":{"footnotes":""},"class_list":["post-5212","page","type-page","status-publish","hentry"],"yoast_head":"<!-- This site is optimized with the Yoast SEO plugin v27.3 - https:\/\/yoast.com\/product\/yoast-seo-wordpress\/ -->\n<title>About us - Fabrique Ste H\u00e9l\u00e8ne<\/title>\n<meta name=\"robots\" content=\"index, follow, max-snippet:-1, max-image-preview:large, max-video-preview:-1\" \/>\n<link rel=\"canonical\" href=\"https:\/\/maparoisse.mu\/stehelene\/about-us\/\" \/>\n<meta property=\"og:locale\" content=\"en_US\" \/>\n<meta property=\"og:type\" content=\"article\" \/>\n<meta property=\"og:title\" content=\"About us - Fabrique Ste H\u00e9l\u00e8ne\" \/>\n<meta property=\"og:description\" content=\"[vc_row full_width=&#8221;stretch_row_content_no_spaces&#8221; equal_height=&#8221;yes&#8221; css=&#8221;.vc_custom_1499679693574{margin-top: -40px !important;margin-bottom: 10vh !important;border-top-width: 1px !important;border-top-color: #efefef !important;border-top-style: solid !important;}&#8221;][vc_column css=&#8221;.vc_custom_1497520246521{padding-top: 0px !important;}&#8221; offset=&#8221;vc_col-lg-6 vc_col-md-12 vc_col-xs-12&#8243;][\/vc_column][vc_column\" \/>\n<meta property=\"og:url\" content=\"https:\/\/maparoisse.mu\/stehelene\/about-us\/\" \/>\n<meta property=\"og:site_name\" content=\"Fabrique Ste H\u00e9l\u00e8ne\" \/>\n<meta property=\"article:modified_time\" content=\"2023-07-31T07:03:46+00:00\" \/>\n<meta property=\"og:image\" content=\"https:\/\/maparoisse.mu\/stehelene\/wp-content\/uploads\/sites\/2\/2023\/07\/326260344_732324065172930_3542994886989303322_n.jpg\" \/>\n\t<meta property=\"og:image:width\" content=\"2048\" \/>\n\t<meta property=\"og:image:height\" content=\"1381\" \/>\n\t<meta property=\"og:image:type\" content=\"image\/jpeg\" \/>\n<meta name=\"twitter:card\" content=\"summary_large_image\" \/>\n<meta name=\"twitter:label1\" content=\"Est. reading time\" \/>\n\t<meta name=\"twitter:data1\" content=\"1 minute\" \/>\n<script type=\"application\/ld+json\" class=\"yoast-schema-graph\">{\"@context\":\"https:\\\/\\\/schema.org\",\"@graph\":[{\"@type\":\"WebPage\",\"@id\":\"https:\\\/\\\/maparoisse.mu\\\/stehelene\\\/about-us\\\/\",\"url\":\"https:\\\/\\\/maparoisse.mu\\\/stehelene\\\/about-us\\\/\",\"name\":\"About us - Fabrique Ste H\u00e9l\u00e8ne\",\"isPartOf\":{\"@id\":\"https:\\\/\\\/maparoisse.mu\\\/stehelene\\\/#website\"},\"datePublished\":\"2021-08-25T07:26:28+00:00\",\"dateModified\":\"2023-07-31T07:03:46+00:00\",\"breadcrumb\":{\"@id\":\"https:\\\/\\\/maparoisse.mu\\\/stehelene\\\/about-us\\\/#breadcrumb\"},\"inLanguage\":\"en-US\",\"potentialAction\":[{\"@type\":\"ReadAction\",\"target\":[\"https:\\\/\\\/maparoisse.mu\\\/stehelene\\\/about-us\\\/\"]}]},{\"@type\":\"BreadcrumbList\",\"@id\":\"https:\\\/\\\/maparoisse.mu\\\/stehelene\\\/about-us\\\/#breadcrumb\",\"itemListElement\":[{\"@type\":\"ListItem\",\"position\":1,\"name\":\"Home\",\"item\":\"https:\\\/\\\/maparoisse.mu\\\/stehelene\\\/\"},{\"@type\":\"ListItem\",\"position\":2,\"name\":\"About us\"}]},{\"@type\":\"WebSite\",\"@id\":\"https:\\\/\\\/maparoisse.mu\\\/stehelene\\\/#website\",\"url\":\"https:\\\/\\\/maparoisse.mu\\\/stehelene\\\/\",\"name\":\"Fabrique Ste H\u00e9l\u00e8ne\",\"description\":\"\",\"potentialAction\":[{\"@type\":\"SearchAction\",\"target\":{\"@type\":\"EntryPoint\",\"urlTemplate\":\"https:\\\/\\\/maparoisse.mu\\\/stehelene\\\/?s={search_term_string}\"},\"query-input\":{\"@type\":\"PropertyValueSpecification\",\"valueRequired\":true,\"valueName\":\"search_term_string\"}}],\"inLanguage\":\"en-US\"}]}<\/script>\n<!-- \/ Yoast SEO plugin. -->","yoast_head_json":{"title":"About us - Fabrique Ste H\u00e9l\u00e8ne","robots":{"index":"index","follow":"follow","max-snippet":"max-snippet:-1","max-image-preview":"max-image-preview:large","max-video-preview":"max-video-preview:-1"},"canonical":"https:\/\/maparoisse.mu\/stehelene\/about-us\/","og_locale":"en_US","og_type":"article","og_title":"About us - Fabrique Ste H\u00e9l\u00e8ne","og_description":"[vc_row full_width=&#8221;stretch_row_content_no_spaces&#8221; equal_height=&#8221;yes&#8221; css=&#8221;.vc_custom_1499679693574{margin-top: -40px !important;margin-bottom: 10vh !important;border-top-width: 1px !important;border-top-color: #efefef !important;border-top-style: solid !important;}&#8221;][vc_column css=&#8221;.vc_custom_1497520246521{padding-top: 0px !important;}&#8221; offset=&#8221;vc_col-lg-6 vc_col-md-12 vc_col-xs-12&#8243;][\/vc_column][vc_column","og_url":"https:\/\/maparoisse.mu\/stehelene\/about-us\/","og_site_name":"Fabrique Ste H\u00e9l\u00e8ne","article_modified_time":"2023-07-31T07:03:46+00:00","og_image":[{"width":2048,"height":1381,"url":"https:\/\/maparoisse.mu\/stehelene\/wp-content\/uploads\/sites\/2\/2023\/07\/326260344_732324065172930_3542994886989303322_n.jpg","type":"image\/jpeg"}],"twitter_card":"summary_large_image","twitter_misc":{"Est. reading time":"1 minute"},"schema":{"@context":"https:\/\/schema.org","@graph":[{"@type":"WebPage","@id":"https:\/\/maparoisse.mu\/stehelene\/about-us\/","url":"https:\/\/maparoisse.mu\/stehelene\/about-us\/","name":"About us - Fabrique Ste H\u00e9l\u00e8ne","isPartOf":{"@id":"https:\/\/maparoisse.mu\/stehelene\/#website"},"datePublished":"2021-08-25T07:26:28+00:00","dateModified":"2023-07-31T07:03:46+00:00","breadcrumb":{"@id":"https:\/\/maparoisse.mu\/stehelene\/about-us\/#breadcrumb"},"inLanguage":"en-US","potentialAction":[{"@type":"ReadAction","target":["https:\/\/maparoisse.mu\/stehelene\/about-us\/"]}]},{"@type":"BreadcrumbList","@id":"https:\/\/maparoisse.mu\/stehelene\/about-us\/#breadcrumb","itemListElement":[{"@type":"ListItem","position":1,"name":"Home","item":"https:\/\/maparoisse.mu\/stehelene\/"},{"@type":"ListItem","position":2,"name":"About us"}]},{"@type":"WebSite","@id":"https:\/\/maparoisse.mu\/stehelene\/#website","url":"https:\/\/maparoisse.mu\/stehelene\/","name":"Fabrique Ste H\u00e9l\u00e8ne","description":"","potentialAction":[{"@type":"SearchAction","target":{"@type":"EntryPoint","urlTemplate":"https:\/\/maparoisse.mu\/stehelene\/?s={search_term_string}"},"query-input":{"@type":"PropertyValueSpecification","valueRequired":true,"valueName":"search_term_string"}}],"inLanguage":"en-US"}]}},"_links":{"self":[{"href":"https:\/\/maparoisse.mu\/stehelene\/wp-json\/wp\/v2\/pages\/5212","targetHints":{"allow":["GET"]}}],"collection":[{"href":"https:\/\/maparoisse.mu\/stehelene\/wp-json\/wp\/v2\/pages"}],"about":[{"href":"https:\/\/maparoisse.mu\/stehelene\/wp-json\/wp\/v2\/types\/page"}],"author":[{"embeddable":true,"href":"https:\/\/maparoisse.mu\/stehelene\/wp-json\/wp\/v2\/users\/1"}],"replies":[{"embeddable":true,"href":"https:\/\/maparoisse.mu\/stehelene\/wp-json\/wp\/v2\/comments?post=5212"}],"version-history":[{"count":4,"href":"https:\/\/maparoisse.mu\/stehelene\/wp-json\/wp\/v2\/pages\/5212\/revisions"}],"predecessor-version":[{"id":9517,"href":"https:\/\/maparoisse.mu\/stehelene\/wp-json\/wp\/v2\/pages\/5212\/revisions\/9517"}],"wp:attachment":[{"href":"https:\/\/maparoisse.mu\/stehelene\/wp-json\/wp\/v2\/media?parent=5212"}],"curies":[{"name":"wp","href":"https:\/\/api.w.org\/{rel}","templated":true}]}}